{"id":2,"date":"2023-10-03T14:59:41","date_gmt":"2023-10-03T14:59:41","guid":{"rendered":"http:\/\/dnojilp.cluster029.hosting.ovh.net\/?page_id=2"},"modified":"2024-05-22T18:10:59","modified_gmt":"2024-05-22T16:10:59","slug":"anpr","status":"publish","type":"page","link":"https:\/\/www.tbointernet.es\/index.php\/anpr\/","title":{"rendered":"ANPR"},"content":{"rendered":"\n<p><\/p>\n\n\n\n<div class=\"wp-block-group alignfull has-global-padding is-layout-constrained wp-block-group-is-layout-constrained\">\n<div class=\"wp-block-group alignfull has-global-padding is-layout-constrained wp-block-group-is-layout-constrained\"><\/div>\n<\/div>\n\n\n\n<div class=\"wp-block-group alignfull has-accent-5-background-color has-background has-global-padding is-layout-constrained wp-container-core-group-is-layout-d89aad35 wp-block-group-is-layout-constrained\" style=\"margin-top:0;margin-bottom:0;padding-top:var(--wp--preset--spacing--50);padding-right:var(--wp--preset--spacing--50);padding-bottom:var(--wp--preset--spacing--50);padding-left:var(--wp--preset--spacing--50)\">\n<div class=\"wp-block-group alignfull has-global-padding is-layout-constrained wp-block-group-is-layout-constrained\">\n<div class=\"wp-block-columns alignwide are-vertically-aligned-center tw-cols-stack-md is-layout-flex wp-container-core-columns-is-layout-d16b27b0 wp-block-columns-is-layout-flex tw-large-gap\">\n<div class=\"wp-block-column is-vertically-aligned-center has-global-padding is-layout-constrained wp-block-column-is-layout-constrained\">\n<figure class=\"wp-block-video\"><video height=\"1080\" style=\"aspect-ratio: 1920 \/ 1080;\" width=\"1920\" autoplay loop src=\"https:\/\/www.tbointernet.es\/wp-content\/uploads\/2024\/05\/Innova-intro-web.alpr_h264.mp4\"><\/video><\/figure>\n<\/div>\n\n\n\n<div class=\"wp-block-column is-vertically-aligned-center has-global-padding is-layout-constrained wp-block-column-is-layout-constrained\">\n<h2 class=\"wp-block-heading\">\u00a1S\u00famate al cambio!<\/h2>\n\n\n\n<p>INTELIGENCIA ARTIFICIAL para la MOVILIDAD y el APARCAMIENTO. Plataforma de control de accesos mediante reconocimiento autom\u00e1tico de matr\u00edculas.<\/p>\n<\/div>\n<\/div>\n<\/div>\n<\/div>\n\n\n\n<div class=\"wp-block-group alignfull has-base-background-color has-background has-global-padding is-layout-constrained wp-container-core-group-is-layout-d89aad35 wp-block-group-is-layout-constrained\" style=\"margin-top:0;margin-bottom:0;padding-top:var(--wp--preset--spacing--50);padding-right:var(--wp--preset--spacing--50);padding-bottom:var(--wp--preset--spacing--50);padding-left:var(--wp--preset--spacing--50)\">\n<div class=\"wp-block-columns alignwide is-layout-flex wp-container-core-columns-is-layout-7456c446 wp-block-columns-is-layout-flex\">\n<div class=\"wp-block-column has-global-padding is-content-justification-left is-layout-constrained wp-container-core-column-is-layout-4f15e8fe wp-block-column-is-layout-constrained\" style=\"--col-width:40%;flex-basis:40%\">\n<p>OCR5 es un software de reconocimiento de matr\u00edculas (ALPR) que utiliza algoritmos basados en IA para proporcionar una mayor variedad de&nbsp;<strong>soluciones de parking y control de accesos<\/strong>.<\/p>\n\n\n\n<figure class=\"wp-block-image size-full\"><img loading=\"lazy\" decoding=\"async\" width=\"451\" height=\"126\" src=\"https:\/\/www.tbointernet.es\/wp-content\/uploads\/2024\/05\/innova-ocrv5-free-flow-logo.gif\" alt=\"\" class=\"wp-image-697\"\/><\/figure>\n<\/div>\n\n\n\n<div class=\"wp-block-column is-layout-flow wp-container-core-column-is-layout-119bc444 wp-block-column-is-layout-flow\" style=\"--col-width:60%;flex-basis:60%\">\n<p class=\"has-heading-font-family has-x-large-font-size\" style=\"line-height:1.2\">SIRAM ACCESS es un programa de gran utilidad para la seguridad de personas y bienes, la gesti\u00f3n del tr\u00e1fico y la gesti\u00f3n de accesos restringidos a recintos o \u00e1reas urbanas.<\/p>\n\n\n\n<div class=\"wp-block-columns is-layout-flex wp-container-core-columns-is-layout-adf2eb3b wp-block-columns-is-layout-flex\">\n<div class=\"wp-block-column is-layout-flow wp-block-column-is-layout-flow\">\n<p class=\"wp-container-content-9cfa9a5a\">El sistema inteligente de reconocimiento autom\u00e1tico de placas de matr\u00edcula (SIRAM) permite realizar la identificaci\u00f3n autom\u00e1tica de los veh\u00edculos que accedan a los diferentes tipos de aparcamientos, a los recintos de acceso controlado o que circulen por una determinada v\u00eda.<\/p>\n<\/div>\n\n\n\n<div class=\"wp-block-column is-layout-flow wp-block-column-is-layout-flow\">\n<p>Descubre SIRAM OCR5, un software de reconocimiento de matr\u00edculas que proporciona una alta tasa de acierto, a\u00fan en zonas de alto flujo de veh\u00edculos. Su efectividad permite desarrollar todo tipo de aplicaciones basadas en la lectura.<\/p>\n<\/div>\n<\/div>\n<\/div>\n<\/div>\n<\/div>\n\n\n\n<div class=\"wp-block-cover alignfull has-parallax\" style=\"padding-top:var(--wp--preset--spacing--50);padding-right:var(--wp--preset--spacing--50);padding-bottom:var(--wp--preset--spacing--50);padding-left:var(--wp--preset--spacing--50);min-height:100vh;aspect-ratio:unset;\"><span aria-hidden=\"true\" class=\"wp-block-cover__background has-base-background-color has-background-dim-0 has-background-dim\"><\/span><div class=\"wp-block-cover__image-background wp-image-561 has-parallax\" style=\"background-position:50% 50%;background-image:url(https:\/\/www.tbointernet.es\/wp-content\/uploads\/2024\/05\/smart_cities.webp)\"><\/div><div class=\"wp-block-cover__inner-container has-global-padding is-layout-constrained wp-container-core-cover-is-layout-e4fd886c wp-block-cover-is-layout-constrained\">\n<div style=\"height:500px\" aria-hidden=\"true\" class=\"wp-block-spacer\"><\/div>\n<\/div><\/div>\n\n\n\n<div class=\"wp-block-group alignfull has-base-2-background-color has-background has-global-padding is-layout-constrained wp-container-core-group-is-layout-7cd14b77 wp-block-group-is-layout-constrained\" style=\"margin-top:0;margin-bottom:0;padding-top:var(--wp--preset--spacing--60);padding-right:var(--wp--preset--spacing--60);padding-bottom:var(--wp--preset--spacing--60);padding-left:var(--wp--preset--spacing--60)\">\n<div class=\"wp-block-group alignwide is-layout-flow wp-block-group-is-layout-flow\">\n<div style=\"height:var(--wp--preset--spacing--50)\" aria-hidden=\"true\" class=\"wp-block-spacer\"><\/div>\n\n\n\n<p class=\"has-text-align-center has-heading-font-family has-x-large-font-size\" style=\"font-style:normal;font-weight:400;line-height:1.2\">Video an\u00e1lisis para la movilidad. Smart Cities &#8211; Smart Road.<\/p>\n\n\n\n<div style=\"height:var(--wp--preset--spacing--50)\" aria-hidden=\"true\" class=\"wp-block-spacer\"><\/div>\n<\/div>\n<\/div>\n\n\n\n<div class=\"wp-block-columns alignfull is-layout-flex wp-container-core-columns-is-layout-d0b3c9c8 wp-block-columns-is-layout-flex\">\n<div class=\"wp-block-column is-layout-flow wp-block-column-is-layout-flow\" style=\"--col-width:50%;flex-basis:50%\">\n<div class=\"wp-block-cover is-light is-style-tw-rounded-corners\" style=\"min-height:600px;aspect-ratio:unset;\"><span aria-hidden=\"true\" class=\"wp-block-cover__background has-accent-4-background-color has-background-dim-0 has-background-dim\"><\/span><img loading=\"lazy\" decoding=\"async\" width=\"1200\" height=\"675\" sizes=\"auto, (max-width: 799px) 200vw,(max-width: 1200px) 100vw,1200px\" class=\"wp-block-cover__image-background wp-image-566\" alt=\"\" src=\"https:\/\/www.tbointernet.es\/wp-content\/uploads\/2024\/05\/zbe-madrid-3255665.jpg\" data-object-fit=\"cover\" srcset=\"https:\/\/www.tbointernet.es\/wp-content\/uploads\/2024\/05\/zbe-madrid-3255665.jpg 1200w, https:\/\/www.tbointernet.es\/wp-content\/uploads\/2024\/05\/zbe-madrid-3255665-300x169.jpg 300w, https:\/\/www.tbointernet.es\/wp-content\/uploads\/2024\/05\/zbe-madrid-3255665-1024x576.jpg 1024w, https:\/\/www.tbointernet.es\/wp-content\/uploads\/2024\/05\/zbe-madrid-3255665-768x432.jpg 768w\" \/><div class=\"wp-block-cover__inner-container is-layout-flow wp-block-cover-is-layout-flow\">\n<p class=\"has-text-align-center has-large-font-size\"><\/p>\n<\/div><\/div>\n<\/div>\n\n\n\n<div class=\"wp-block-column is-vertically-aligned-center is-layout-flow wp-block-column-is-layout-flow\" style=\"padding-top:1em;padding-right:1em;padding-bottom:1em;padding-left:1em\">\n<div class=\"wp-block-columns is-layout-flex wp-container-core-columns-is-layout-d0b3c9c8 wp-block-columns-is-layout-flex\">\n<div class=\"wp-block-column is-layout-flow wp-block-column-is-layout-flow\" style=\"--col-width:320px;flex-basis:320px\">\n<p class=\"has-large-font-size\" style=\"line-height:1.6\"><strong>ANPR para ZBE y ZTL<\/strong><\/p>\n\n\n\n<p class=\"has-medium-font-size\" style=\"line-height:1.6\">Una soluci\u00f3n perfecta para el dise\u00f1o y control de zonas de bajas emisiones de CO2 (ZBE) y las zonas de tr\u00e1fico limitado (ZTL) incluidas en la planificaci\u00f3n del tr\u00e1fico urbano.&nbsp; La suite WEB controla el acceso de veh\u00edculos, conecta a las c\u00e1maras de los viales y env\u00eda los datos del tr\u00e1fico al Ayuntamiento de su ciudad.<\/p>\n<\/div>\n<\/div>\n<\/div>\n<\/div>\n\n\n\n<div class=\"wp-block-columns is-layout-flex wp-container-core-columns-is-layout-d0b3c9c8 wp-block-columns-is-layout-flex\">\n<div class=\"wp-block-column is-layout-flow wp-block-column-is-layout-flow\">\n<div class=\"wp-block-group has-global-padding is-layout-constrained wp-block-group-is-layout-constrained\">\n<div class=\"wp-block-group alignfull is-nowrap is-layout-flex wp-container-core-group-is-layout-6c531013 wp-block-group-is-layout-flex\">\n<div class=\"wp-block-group is-nowrap is-layout-flex wp-container-core-group-is-layout-6c531013 wp-block-group-is-layout-flex\"><\/div>\n<\/div>\n<\/div>\n<\/div>\n<\/div>\n\n\n\n<div class=\"wp-block-group alignfull has-base-2-color has-contrast-2-background-color has-text-color has-background has-link-color wp-elements-ebde69757a6a111765caeb58f7981cdd has-global-padding is-layout-constrained wp-container-core-group-is-layout-facafb6f wp-block-group-is-layout-constrained\" style=\"margin-top:0;margin-bottom:0;padding-top:var(--wp--preset--spacing--50);padding-right:var(--wp--preset--spacing--50);padding-bottom:var(--wp--preset--spacing--50);padding-left:var(--wp--preset--spacing--50)\">\n<div class=\"wp-block-columns alignwide is-layout-flex wp-container-core-columns-is-layout-d18de7ed wp-block-columns-is-layout-flex\">\n<div class=\"wp-block-column is-vertically-aligned-stretch is-layout-flow wp-block-column-is-layout-flow\" style=\"--col-width:60%;padding-right:0;flex-basis:60%\">\n<div class=\"wp-block-group is-vertical is-content-justification-stretch is-layout-flex wp-container-core-group-is-layout-ae24f51d wp-block-group-is-layout-flex\" style=\"min-height:100%\">\n<figure class=\"wp-block-image size-full is-style-rounded is-style-rounded--1\"><img loading=\"lazy\" decoding=\"async\" width=\"2560\" height=\"1336\" src=\"https:\/\/www.tbointernet.es\/wp-content\/uploads\/2024\/05\/smartcitysurveillance.jpg\" alt=\"\" class=\"wp-image-563\" style=\"aspect-ratio:9\/16;object-fit:cover\" srcset=\"https:\/\/www.tbointernet.es\/wp-content\/uploads\/2024\/05\/smartcitysurveillance.jpg 2560w, https:\/\/www.tbointernet.es\/wp-content\/uploads\/2024\/05\/smartcitysurveillance-300x157.jpg 300w, https:\/\/www.tbointernet.es\/wp-content\/uploads\/2024\/05\/smartcitysurveillance-1024x534.jpg 1024w, https:\/\/www.tbointernet.es\/wp-content\/uploads\/2024\/05\/smartcitysurveillance-768x401.jpg 768w, https:\/\/www.tbointernet.es\/wp-content\/uploads\/2024\/05\/smartcitysurveillance-1536x802.jpg 1536w, https:\/\/www.tbointernet.es\/wp-content\/uploads\/2024\/05\/smartcitysurveillance-2048x1069.jpg 2048w\" sizes=\"auto, (max-width: 2560px) 100vw, 2560px\" \/><figcaption class=\"wp-element-caption\">Madrid, Spain &#8211; February 25, 2023: Low emission zone sign in Madrid 360 in the downtown district, highlights the importance of sustainable mobility in the city, combining tradition and modernity.<\/figcaption><\/figure>\n\n\n\n<p class=\"has-medium-font-size\">1. Planifica, organiza y reduce CO2 en tu ciudad con las soluciones ALPR y la anal\u00edticas de v\u00eddeo.<\/p>\n<\/div>\n<\/div>\n\n\n\n<div class=\"wp-block-column is-layout-flow wp-block-column-is-layout-flow\" style=\"--col-width:40%;flex-basis:40%\">\n<div class=\"wp-block-group has-global-padding is-layout-constrained wp-block-group-is-layout-constrained\">\n<p class=\"has-large-font-size\" style=\"font-style:normal;font-weight:500;line-height:1.2\">V\u00eddeo an\u00e1lisis. Las soluciones de IA y sus funcionalidades de tracking permiten clasificar y contar peatones, patinetes, bicicletas, motocicletas, coches, furgonetas, camiones y autobuses..<\/p>\n\n\n\n<div style=\"height:var(--wp--preset--spacing--40)\" aria-hidden=\"true\" class=\"wp-block-spacer\"><\/div>\n\n\n\n<div class=\"wp-block-group is-layout-flow wp-block-group-is-layout-flow\">\n<p class=\"has-medium-font-size\">2. Planifica y gestiona de forma eficaz el tr\u00e1fico en carretera a trav\u00e9s de soluciones basadas en anal\u00edticas de v\u00eddeo.<\/p>\n\n\n\n<figure class=\"wp-block-image size-full is-style-rounded is-style-rounded--2\"><img loading=\"lazy\" decoding=\"async\" width=\"630\" height=\"354\" src=\"https:\/\/www.tbointernet.es\/wp-content\/uploads\/2024\/05\/industry-smart-cities-news-sighthound-2c50-d.jpg\" alt=\"\" class=\"wp-image-564\" style=\"aspect-ratio:9\/16;object-fit:cover\" srcset=\"https:\/\/www.tbointernet.es\/wp-content\/uploads\/2024\/05\/industry-smart-cities-news-sighthound-2c50-d.jpg 630w, https:\/\/www.tbointernet.es\/wp-content\/uploads\/2024\/05\/industry-smart-cities-news-sighthound-2c50-d-300x169.jpg 300w\" sizes=\"auto, (max-width: 630px) 100vw, 630px\" \/><figcaption class=\"wp-element-caption\">Machine Learning analytics identify person technology in smart city , Artificial intelligence ,Big data , iot concept. Engineer monitoring cctv , security camera and face recognition people  traffic.<\/figcaption><\/figure>\n<\/div>\n<\/div>\n<\/div>\n<\/div>\n<\/div>\n\n\n\n<div class=\"wp-block-group has-global-padding is-layout-constrained wp-block-group-is-layout-constrained\">\n<div class=\"wp-block-columns is-layout-flex wp-container-core-columns-is-layout-d0b3c9c8 wp-block-columns-is-layout-flex\">\n<div class=\"wp-block-column is-layout-flow wp-block-column-is-layout-flow\"><\/div>\n<\/div>\n<\/div>\n\n\n\n<div class=\"wp-block-group alignfull has-global-padding is-layout-constrained wp-block-group-is-layout-constrained\">\n<div class=\"wp-block-columns is-layout-flex wp-container-core-columns-is-layout-d0b3c9c8 wp-block-columns-is-layout-flex\">\n<div class=\"wp-block-column is-layout-flow wp-block-column-is-layout-flow\"><\/div>\n\n\n\n<div class=\"wp-block-column is-layout-flow wp-block-column-is-layout-flow\"><\/div>\n<\/div>\n<\/div>\n\n\n\n<div class=\"wp-block-group alignfull has-global-padding is-layout-constrained wp-block-group-is-layout-constrained\">\n<h2 class=\"wp-block-heading has-text-align-center\">\u00bfQuiere saber m\u00e1s?<\/h2>\n\n\n\n<p class=\"has-text-align-center\">Si desea ampliar la informaci\u00f3n o contarnos su proyecto, rellene el formulario y contactaremos con usted.<\/p>\n\n\n\n<div class=\"wp-block-buttons is-content-justification-center is-layout-flex wp-container-core-buttons-is-layout-e7f25eb7 wp-block-buttons-is-layout-flex\" style=\"margin-top:32px\">\n<div class=\"wp-block-button\"><a class=\"wp-block-button__link wp-element-button\" href=\"https:\/\/www.tbointernet.es\/index.php\/formulario\/\">Formulario<\/a><\/div>\n<\/div>\n<\/div>\n\n\n\n<div class=\"wp-block-columns is-layout-flex wp-container-core-columns-is-layout-d0b3c9c8 wp-block-columns-is-layout-flex\">\n<div class=\"wp-block-column is-layout-flow wp-block-column-is-layout-flow\"><\/div>\n<\/div>\n","protected":false},"excerpt":{"rendered":"<p>\u00a1S\u00famate al cambio! INTELIGENCIA ARTIFICIAL para la MOVILIDAD y el APARCAMIENTO. Plataforma de control de accesos mediante reconocimiento autom\u00e1tico de matr\u00edculas. OCR5 es un software de reconocimiento de matr\u00edculas (ALPR) que utiliza algoritmos basados en IA para proporcionar una mayor variedad de&nbsp;soluciones de parking y control de accesos. SIRAM ACCESS es un programa de gran [&hellip;]<\/p>\n","protected":false},"author":2,"featured_media":0,"parent":0,"menu_order":0,"comment_status":"closed","ping_status":"closed","template":"page-no-title","meta":{"footnotes":""},"class_list":["post-2","page","type-page","status-publish","hentry"],"_links":{"self":[{"href":"https:\/\/www.tbointernet.es\/index.php\/wp-json\/wp\/v2\/pages\/2","targetHints":{"allow":["GET"]}}],"collection":[{"href":"https:\/\/www.tbointernet.es\/index.php\/wp-json\/wp\/v2\/pages"}],"about":[{"href":"https:\/\/www.tbointernet.es\/index.php\/wp-json\/wp\/v2\/types\/page"}],"author":[{"embeddable":true,"href":"https:\/\/www.tbointernet.es\/index.php\/wp-json\/wp\/v2\/users\/2"}],"replies":[{"embeddable":true,"href":"https:\/\/www.tbointernet.es\/index.php\/wp-json\/wp\/v2\/comments?post=2"}],"version-history":[{"count":42,"href":"https:\/\/www.tbointernet.es\/index.php\/wp-json\/wp\/v2\/pages\/2\/revisions"}],"predecessor-version":[{"id":700,"href":"https:\/\/www.tbointernet.es\/index.php\/wp-json\/wp\/v2\/pages\/2\/revisions\/700"}],"wp:attachment":[{"href":"https:\/\/www.tbointernet.es\/index.php\/wp-json\/wp\/v2\/media?parent=2"}],"curies":[{"name":"wp","href":"https:\/\/api.w.org\/{rel}","templated":true}]}}