{"id":572,"date":"2024-05-21T20:24:10","date_gmt":"2024-05-21T18:24:10","guid":{"rendered":"https:\/\/www.tbointernet.es\/?page_id=572"},"modified":"2024-05-22T12:24:55","modified_gmt":"2024-05-22T10:24:55","slug":"kit-digital-ciberseguridad","status":"publish","type":"page","link":"https:\/\/www.tbointernet.es\/index.php\/kit-digital-ciberseguridad\/","title":{"rendered":"Kit digital: Ciberseguridad"},"content":{"rendered":"\n<div style=\"--tw-animation-delay:0.3s;\" class=\"wp-block-group alignfull has-base-2-background-color has-background is-vertical is-content-justification-left is-nowrap is-layout-flex wp-container-core-group-is-layout-b9305f23 wp-block-group-is-layout-flex tw-block-animation tw-animation-scale-in\">\n<figure style=\"--tw-animation-delay:0.5s;\" class=\"wp-block-image size-full is-resized is-style-tw-frame wp-duotone-unset-1 tw-block-animation tw-animation-wipe-left\"><img loading=\"lazy\" decoding=\"async\" width=\"4489\" height=\"1233\" src=\"https:\/\/www.tbointernet.es\/wp-content\/uploads\/2024\/05\/logo_kit_digital_ciber.png\" alt=\"\" class=\"wp-image-638\" style=\"width:1000px\" srcset=\"https:\/\/www.tbointernet.es\/wp-content\/uploads\/2024\/05\/logo_kit_digital_ciber.png 4489w, https:\/\/www.tbointernet.es\/wp-content\/uploads\/2024\/05\/logo_kit_digital_ciber-300x82.png 300w, https:\/\/www.tbointernet.es\/wp-content\/uploads\/2024\/05\/logo_kit_digital_ciber-1024x281.png 1024w, https:\/\/www.tbointernet.es\/wp-content\/uploads\/2024\/05\/logo_kit_digital_ciber-768x211.png 768w, https:\/\/www.tbointernet.es\/wp-content\/uploads\/2024\/05\/logo_kit_digital_ciber-1536x422.png 1536w, https:\/\/www.tbointernet.es\/wp-content\/uploads\/2024\/05\/logo_kit_digital_ciber-2048x563.png 2048w\" sizes=\"auto, (max-width: 4489px) 100vw, 4489px\" \/><\/figure>\n\n\n\n<div class=\"wp-block-group alignfull has-base-2-background-color has-background has-global-padding is-layout-constrained wp-block-group-is-layout-constrained\">\n<div class=\"wp-block-columns alignwide are-vertically-aligned-center tw-cols-stack-md is-layout-flex wp-container-core-columns-is-layout-49160e9b wp-block-columns-is-layout-flex tw-large-gap\" style=\"padding-left:var(--wp--preset--spacing--10)\">\n<div class=\"wp-block-column is-vertically-aligned-center has-global-padding is-layout-constrained wp-block-column-is-layout-constrained\">\n<h2 class=\"wp-block-heading alignwide\">Kit Digital: <strong>Ciberseguridad<\/strong><\/h2>\n\n\n\n<p>El objetivo de esta soluci\u00f3n es proporcionar seguridad b\u00e1sica y avanzada para los dispositivos de tus empleados.<\/p>\n<\/div>\n\n\n\n<div class=\"wp-block-column is-vertically-aligned-center has-global-padding is-layout-constrained wp-block-column-is-layout-constrained\">\n<div class=\"wp-block-group has-base-background-color has-background is-layout-flow wp-block-group-is-layout-flow\">\n<ul class=\"is-style-tw-checkmark tw-list-spacing-loose wp-block-list\">\n<li><strong>Antimalware:<\/strong>&nbsp;tendr\u00e1s a tu disposici\u00f3n una herramientaque analice tu dispositivo, su memoria interna y los dispositivos de almacenamiento externos.<\/li>\n\n\n\n<li><strong>Antispyware:&nbsp;<\/strong>dispondr\u00e1s de una herramienta que detecte y evite el malware esp\u00eda.<\/li>\n\n\n\n<li><strong>Correo seguro:&nbsp;<\/strong>tendr\u00e1s herramientas de an\u00e1lisis del correo electr\u00f3nico con las siguientes caracter\u00edsticas:\n<ul class=\"wp-block-list\">\n<li><strong>Antispam,&nbsp;<\/strong>con detecci\u00f3n y filtro de correo no deseado.<\/li>\n\n\n\n<li><strong>Antiphishing,&nbsp;<\/strong>con detecci\u00f3n de correos con enlaces o malware que se sospecha sirvan para robar credenciales.<\/li>\n<\/ul>\n<\/li>\n\n\n\n<li><strong>Navegaci\u00f3n segura:&nbsp;<\/strong>tendr\u00e1s asegurado:\n<ul class=\"wp-block-list\">\n<li><strong>Control de contenidos<\/strong>.<\/li>\n\n\n\n<li><strong>Antiadware&nbsp;<\/strong>para evitar anuncios maliciosos.<\/li>\n<\/ul>\n<\/li>\n\n\n\n<li><strong>Monitorizaci\u00f3n de la red:&nbsp;<\/strong>tendr\u00e1s herramientas que analizan el tr\u00e1fico de red y te alerten de amenazas.<\/li>\n\n\n\n<li><strong>Configuraci\u00f3n inicial y actualizaciones de seguridad:&nbsp;<\/strong>dispondr\u00e1s de una configuraci\u00f3n inicial para su correcto uso, con las respectivas actualizaciones de firmas de malware y otros datos para detecci\u00f3n de amenazas adem\u00e1s de las actualizaciones de software de seguridad peri\u00f3dicas requeridas.<\/li>\n\n\n\n<li><strong>Requisitos especiales de formaci\u00f3n:&nbsp;<\/strong>dispondr\u00e1s de formaci\u00f3n para la configuraci\u00f3n del software de seguridad, y tendr\u00e1s un kit de concienciaci\u00f3n en ciberseguridad para complementar la soluci\u00f3n con habilidades de firewall humano.<\/li>\n<\/ul>\n<\/div>\n<\/div>\n<\/div>\n<\/div>\n\n\n\n<div class=\"wp-block-group alignfull has-global-padding is-layout-constrained wp-block-group-is-layout-constrained\">\n<div class=\"wp-block-columns alignwide are-vertically-aligned-center has-accent-2-background-color has-background tw-cols-stack-md is-layout-flex wp-container-core-columns-is-layout-e112fda3 wp-block-columns-is-layout-flex tw-large-gap\" style=\"border-style:none;border-width:0px;border-radius:0px;padding-right:var(--wp--preset--spacing--10);padding-left:var(--wp--preset--spacing--10)\">\n<div class=\"wp-block-column is-vertically-aligned-center has-global-padding is-layout-constrained wp-block-column-is-layout-constrained\">\n<figure class=\"wp-block-embed is-type-video is-provider-youtube wp-block-embed-youtube tw-block-animation tw-animation-fade-in tw-duration-5\" style=\"--tw-animation-delay:1s;margin-right:var(--wp--preset--spacing--10);margin-left:0\"><div class=\"wp-block-embed__wrapper\">\n<iframe loading=\"lazy\" title=\"A qui\u00e9n va dirigido el Kit Digital\" width=\"500\" height=\"281\" src=\"https:\/\/www.youtube.com\/embed\/lPR-pA5zPMg?feature=oembed\" frameborder=\"0\" allow=\"accelerometer; autoplay; clipboard-write; encrypted-media; gyroscope; picture-in-picture; web-share\" referrerpolicy=\"strict-origin-when-cross-origin\" allowfullscreen><\/iframe>\n<\/div><\/figure>\n<\/div>\n\n\n\n<div class=\"wp-block-column is-vertically-aligned-center has-global-padding is-layout-constrained wp-block-column-is-layout-constrained\">\n<h2 class=\"wp-block-heading has-base-2-color has-text-color has-link-color wp-elements-860fe63822a8207d9b05c963407b6939\"><strong>\u00bfA qui\u00e9n va dirigido?<\/strong><\/h2>\n\n\n\n<p class=\"has-base-2-color has-text-color has-link-color wp-elements-0551847ced75e134899fecf600ab721c\">Las soluciones digitales que proporciona el Kit Digital est\u00e1n orientadas a las necesidades de las peque\u00f1as empresas, medianas empresas, microempresas y trabajadores aut\u00f3nomos, que pertenezcan a cualquier sector o tipolog\u00eda de negocio.<\/p>\n<\/div>\n<\/div>\n<\/div>\n<\/div>\n\n\n\n<div class=\"wp-block-group alignfull has-global-padding is-layout-constrained wp-block-group-is-layout-constrained\">\n<h2 class=\"wp-block-heading has-text-align-center\">Importe de la ayuda &#8211; Ayuda m\u00e1xima 29.000\u20ac<\/h2>\n\n\n\n<div class=\"wp-block-columns is-layout-flex wp-container-core-columns-is-layout-207311c6 wp-block-columns-is-layout-flex tw-large-gap\">\n<div class=\"wp-block-column is-layout-flow wp-block-column-is-layout-flow\">\n<h3 class=\"wp-block-heading has-large-font-size\">Porcentajes de ejecuci\u00f3n asociados a las fases<\/h3>\n\n\n\n<p><\/p>\n\n\n\n<ul class=\"wp-block-list\">\n<li>Primera: 70 %<\/li>\n\n\n\n<li>Segunda: 30 %<\/li>\n<\/ul>\n\n\n\n<p><\/p>\n\n\n\n<h3 class=\"wp-block-heading has-large-font-size\">Importe m\u00e1ximo de la ayuda<\/h3>\n\n\n\n<p><\/p>\n\n\n\n<ul class=\"wp-block-list\">\n<li>0 &lt; X &lt; 3 empleados: 125\u20ac\/usuario (hasta 2 dispositivos)<\/li>\n\n\n\n<li>3 \u2264 X &lt; 10 empleados: 125\u20ac\/usuario (hasta 9 dispositivos)<\/li>\n\n\n\n<li>10 \u2264 X &lt; 50 empleados: 125\u20ac\/usuario (hasta 48 dispositivos)<\/li>\n\n\n\n<li>50* \u2264&nbsp; X &lt; 100 empleados: 125\u20ac\/usuario (hasta 99 dispositivos)<\/li>\n\n\n\n<li>100 \u2264&nbsp; X &lt; 250 empleados: 125\u20ac\/usuario (hasta 232 dispositivos)<\/li>\n<\/ul>\n<\/div>\n<\/div>\n\n\n\n<p><em>* En el segmento IV se incluyen las empresas menos de 50 empleados que tengan consideraci\u00f3n de mediana empresa al superar el volumen de negocios anual y balance general anual de 10 millones de euros<\/em><\/p>\n\n\n\n<p><\/p>\n<\/div>\n\n\n\n<div class=\"wp-block-group alignfull has-base-2-background-color has-background has-global-padding is-layout-constrained wp-block-group-is-layout-constrained\">\n<div class=\"wp-block-group alignfull has-base-background-color has-background has-global-padding is-layout-constrained wp-block-group-is-layout-constrained\">\n<h2 class=\"wp-block-heading\">Descargate la gu\u00eda r\u00e1pida para saber m\u00e1s.<\/h2>\n\n\n\n<div class=\"wp-block-buttons is-layout-flex wp-block-buttons-is-layout-flex\" style=\"margin-top:32px\">\n<div class=\"wp-block-button\"><a class=\"wp-block-button__link wp-element-button\" href=\"https:\/\/www.tbointernet.es\/wp-content\/uploads\/2024\/05\/Kit_Digital_Guia_pymes.pdf\" target=\"_blank\" rel=\"noreferrer noopener\">Descargar<\/a><\/div>\n<\/div>\n<\/div>\n\n\n\n<figure class=\"wp-block-image alignwide size-full\"><img loading=\"lazy\" decoding=\"async\" width=\"1920\" height=\"223\" src=\"https:\/\/www.tbointernet.es\/wp-content\/uploads\/2024\/05\/Logo-digitalizadoresv2.png\" alt=\"\" class=\"wp-image-592\" srcset=\"https:\/\/www.tbointernet.es\/wp-content\/uploads\/2024\/05\/Logo-digitalizadoresv2.png 1920w, https:\/\/www.tbointernet.es\/wp-content\/uploads\/2024\/05\/Logo-digitalizadoresv2-300x35.png 300w, https:\/\/www.tbointernet.es\/wp-content\/uploads\/2024\/05\/Logo-digitalizadoresv2-1024x119.png 1024w, https:\/\/www.tbointernet.es\/wp-content\/uploads\/2024\/05\/Logo-digitalizadoresv2-768x89.png 768w, https:\/\/www.tbointernet.es\/wp-content\/uploads\/2024\/05\/Logo-digitalizadoresv2-1536x178.png 1536w\" sizes=\"auto, (max-width: 1920px) 100vw, 1920px\" \/><\/figure>\n<\/div>\n","protected":false},"excerpt":{"rendered":"<p>Kit Digital: Ciberseguridad El objetivo de esta soluci\u00f3n es proporcionar seguridad b\u00e1sica y avanzada para los dispositivos de tus empleados. \u00bfA qui\u00e9n va dirigido? Las soluciones digitales que proporciona el Kit Digital est\u00e1n orientadas a las necesidades de las peque\u00f1as empresas, medianas empresas, microempresas y trabajadores aut\u00f3nomos, que pertenezcan a cualquier sector o tipolog\u00eda de [&hellip;]<\/p>\n","protected":false},"author":2,"featured_media":0,"parent":0,"menu_order":1,"comment_status":"closed","ping_status":"closed","template":"page-no-title","meta":{"footnotes":""},"class_list":["post-572","page","type-page","status-publish","hentry"],"_links":{"self":[{"href":"https:\/\/www.tbointernet.es\/index.php\/wp-json\/wp\/v2\/pages\/572","targetHints":{"allow":["GET"]}}],"collection":[{"href":"https:\/\/www.tbointernet.es\/index.php\/wp-json\/wp\/v2\/pages"}],"about":[{"href":"https:\/\/www.tbointernet.es\/index.php\/wp-json\/wp\/v2\/types\/page"}],"author":[{"embeddable":true,"href":"https:\/\/www.tbointernet.es\/index.php\/wp-json\/wp\/v2\/users\/2"}],"replies":[{"embeddable":true,"href":"https:\/\/www.tbointernet.es\/index.php\/wp-json\/wp\/v2\/comments?post=572"}],"version-history":[{"count":38,"href":"https:\/\/www.tbointernet.es\/index.php\/wp-json\/wp\/v2\/pages\/572\/revisions"}],"predecessor-version":[{"id":671,"href":"https:\/\/www.tbointernet.es\/index.php\/wp-json\/wp\/v2\/pages\/572\/revisions\/671"}],"wp:attachment":[{"href":"https:\/\/www.tbointernet.es\/index.php\/wp-json\/wp\/v2\/media?parent=572"}],"curies":[{"name":"wp","href":"https:\/\/api.w.org\/{rel}","templated":true}]}}