{"id":623,"date":"2024-05-21T23:41:49","date_gmt":"2024-05-21T21:41:49","guid":{"rendered":"https:\/\/www.tbointernet.es\/?page_id=623"},"modified":"2024-05-22T12:23:27","modified_gmt":"2024-05-22T10:23:27","slug":"kit-digital","status":"publish","type":"page","link":"https:\/\/www.tbointernet.es\/index.php\/kit-digital\/","title":{"rendered":"Kit digital"},"content":{"rendered":"\n<div style=\"--tw-animation-delay:0.3s;\" class=\"wp-block-group alignfull has-base-2-background-color has-background is-vertical is-content-justification-left is-nowrap is-layout-flex wp-container-core-group-is-layout-b9305f23 wp-block-group-is-layout-flex tw-block-animation tw-animation-scale-in\">\n<figure class=\"wp-block-image size-full is-resized is-style-tw-frame wp-duotone-unset-1\"><img loading=\"lazy\" decoding=\"async\" width=\"4489\" height=\"1233\" src=\"https:\/\/www.tbointernet.es\/wp-content\/uploads\/2024\/05\/1647388461_logo_kit_digital.png\" alt=\"\" class=\"wp-image-595\" style=\"width:1000px\" srcset=\"https:\/\/www.tbointernet.es\/wp-content\/uploads\/2024\/05\/1647388461_logo_kit_digital.png 4489w, https:\/\/www.tbointernet.es\/wp-content\/uploads\/2024\/05\/1647388461_logo_kit_digital-300x82.png 300w, https:\/\/www.tbointernet.es\/wp-content\/uploads\/2024\/05\/1647388461_logo_kit_digital-1024x281.png 1024w, https:\/\/www.tbointernet.es\/wp-content\/uploads\/2024\/05\/1647388461_logo_kit_digital-768x211.png 768w, https:\/\/www.tbointernet.es\/wp-content\/uploads\/2024\/05\/1647388461_logo_kit_digital-1536x422.png 1536w, https:\/\/www.tbointernet.es\/wp-content\/uploads\/2024\/05\/1647388461_logo_kit_digital-2048x563.png 2048w\" sizes=\"auto, (max-width: 4489px) 100vw, 4489px\" \/><\/figure>\n\n\n\n<div class=\"wp-block-group is-nowrap is-layout-flex wp-container-core-group-is-layout-6c531013 wp-block-group-is-layout-flex\">\n<div class=\"wp-block-group alignfull has-base-2-background-color has-background has-global-padding is-layout-constrained wp-block-group-is-layout-constrained\">\n<div class=\"wp-block-columns alignwide are-vertically-aligned-center tw-cols-stack-md is-layout-flex wp-container-core-columns-is-layout-49160e9b wp-block-columns-is-layout-flex tw-large-gap\" style=\"padding-left:var(--wp--preset--spacing--10)\">\n<div class=\"wp-block-column is-vertically-aligned-center has-global-padding is-layout-constrained wp-block-column-is-layout-constrained\"><\/div>\n<\/div>\n<\/div>\n\n\n\n<div class=\"wp-block-group alignfull has-base-2-background-color has-background has-global-padding is-layout-constrained wp-block-group-is-layout-constrained\">\n<h2 class=\"wp-block-heading has-text-align-center\">Programa de digitalizaci\u00f3n de pymes y aut\u00f3nomos<\/h2>\n\n\n\n<div class=\"wp-block-media-text alignwide is-stacked-on-mobile is-style-tw-overlap has-base-background-color has-background\" style=\"margin-top:60px;grid-template-columns:56% auto\"><figure class=\"wp-block-media-text__media\"><a href=\"https:\/\/www.tbointernet.es\/index.php\/kit-digital-ciberseguridad\/\"><img loading=\"lazy\" decoding=\"async\" width=\"1024\" height=\"1009\" src=\"https:\/\/www.tbointernet.es\/wp-content\/uploads\/2024\/05\/Kit-digital-ciberseguridad-1-1024x1009.png\" alt=\"\" class=\"wp-image-645 size-full\" srcset=\"https:\/\/www.tbointernet.es\/wp-content\/uploads\/2024\/05\/Kit-digital-ciberseguridad-1-1024x1009.png 1024w, https:\/\/www.tbointernet.es\/wp-content\/uploads\/2024\/05\/Kit-digital-ciberseguridad-1-300x296.png 300w, https:\/\/www.tbointernet.es\/wp-content\/uploads\/2024\/05\/Kit-digital-ciberseguridad-1-768x757.png 768w, https:\/\/www.tbointernet.es\/wp-content\/uploads\/2024\/05\/Kit-digital-ciberseguridad-1.png 1218w\" sizes=\"auto, (max-width: 1024px) 100vw, 1024px\" \/><\/a><\/figure><div class=\"wp-block-media-text__content\">\n<blockquote class=\"wp-block-quote is-style-plain has-large-font-size is-layout-flow wp-block-quote-is-layout-flow is-style-plain--2\" style=\"line-height:1.3\">\n<p>Ciberseguridad. <\/p>\n\n\n\n<p>El objetivo de esta soluci\u00f3n es proporcionar seguridad b\u00e1sica y avanzada para los dispositivos de tus empleados. Antimalware, antispyware, correo seguro, navegaci\u00f3n segura, an\u00e1lisis y detecci\u00f3n de amenazas y monitorizaci\u00f3n de la red.<\/p>\n<cite>PROGRAMA KIT DIGITAL &#8211; CIBERSEGURIDAD<\/cite><\/blockquote>\n\n\n\n<div class=\"wp-block-buttons is-layout-flex wp-block-buttons-is-layout-flex\">\n<div class=\"wp-block-button\"><a class=\"wp-block-button__link wp-element-button\" href=\"https:\/\/www.tbointernet.es\/index.php\/kit-digital-ciberseguridad\/\">QUIERO SABER MAS<\/a><\/div>\n<\/div>\n<\/div><\/div>\n\n\n\n<div class=\"wp-block-media-text alignwide has-media-on-the-right is-stacked-on-mobile is-style-tw-overlap has-base-background-color has-background\" style=\"margin-top:60px;grid-template-columns:auto 56%\"><div class=\"wp-block-media-text__content\">\n<blockquote class=\"wp-block-quote is-style-plain has-large-font-size is-layout-flow wp-block-quote-is-layout-flow is-style-plain--3\" style=\"line-height:1.3\">\n<p>Comunicaciones seguras. <\/p>\n\n\n\n<p>Con esta soluci\u00f3n dispondr\u00e1s de seguridad en las conexiones entre los dispositivos de tus empleados y la empresa. SSL, un protocolo de capa de sockets seguros, cifrado de extremo a extremo, logs de conexi\u00f3n, control de acceso. <\/p>\n<cite>PROGRAMA KIT DIGITAL &#8211; COMUNICACIONES SEGURAS<\/cite><\/blockquote>\n\n\n\n<div class=\"wp-block-buttons is-layout-flex wp-block-buttons-is-layout-flex\">\n<div class=\"wp-block-button\"><a class=\"wp-block-button__link wp-element-button\" href=\"https:\/\/www.tbointernet.es\/index.php\/kit-digital-comunicaciones-seguras\/\">QUIERO SABER MAS<\/a><\/div>\n<\/div>\n<\/div><figure class=\"wp-block-media-text__media\"><a href=\"https:\/\/www.tbointernet.es\/index.php\/kit-digital-comunicaciones-seguras\/\"><img loading=\"lazy\" decoding=\"async\" width=\"1024\" height=\"1007\" src=\"https:\/\/www.tbointernet.es\/wp-content\/uploads\/2024\/05\/Kit-digital-Comunicaciones-seguras-1024x1007.png\" alt=\"\" class=\"wp-image-624 size-full\" srcset=\"https:\/\/www.tbointernet.es\/wp-content\/uploads\/2024\/05\/Kit-digital-Comunicaciones-seguras-1024x1007.png 1024w, https:\/\/www.tbointernet.es\/wp-content\/uploads\/2024\/05\/Kit-digital-Comunicaciones-seguras-300x295.png 300w, https:\/\/www.tbointernet.es\/wp-content\/uploads\/2024\/05\/Kit-digital-Comunicaciones-seguras-768x755.png 768w, https:\/\/www.tbointernet.es\/wp-content\/uploads\/2024\/05\/Kit-digital-Comunicaciones-seguras.png 1220w\" sizes=\"auto, (max-width: 1024px) 100vw, 1024px\" \/><\/a><\/figure><\/div>\n<\/div>\n<\/div>\n\n\n\n<div class=\"wp-block-group alignfull has-global-padding is-layout-constrained wp-block-group-is-layout-constrained\">\n<div class=\"wp-block-columns alignwide are-vertically-aligned-center has-border-color has-base-2-border-color has-accent-3-background-color has-background tw-cols-stack-md is-layout-flex wp-container-core-columns-is-layout-e112fda3 wp-block-columns-is-layout-flex tw-large-gap\" style=\"border-style:solid;border-width:4px;border-radius:0px;padding-right:var(--wp--preset--spacing--10);padding-left:var(--wp--preset--spacing--10)\">\n<div class=\"wp-block-column is-vertically-aligned-center has-global-padding is-layout-constrained wp-block-column-is-layout-constrained\">\n<figure class=\"wp-block-embed is-type-video is-provider-youtube wp-block-embed-youtube tw-block-animation tw-animation-fade-in tw-duration-5\" style=\"--tw-animation-delay:1s;margin-right:var(--wp--preset--spacing--10);margin-left:0\"><div class=\"wp-block-embed__wrapper\">\n<iframe loading=\"lazy\" title=\"Kit Digital\" width=\"500\" height=\"281\" src=\"https:\/\/www.youtube.com\/embed\/fI_Y5W25hPs?feature=oembed\" frameborder=\"0\" allow=\"accelerometer; autoplay; clipboard-write; encrypted-media; gyroscope; picture-in-picture; web-share\" referrerpolicy=\"strict-origin-when-cross-origin\" allowfullscreen><\/iframe>\n<\/div><\/figure>\n<\/div>\n\n\n\n<div class=\"wp-block-column is-vertically-aligned-center has-global-padding is-layout-constrained wp-block-column-is-layout-constrained\">\n<h2 class=\"wp-block-heading has-base-2-color has-text-color has-link-color wp-elements-34d5d6abd72f23e28976bced322c1159\"><strong>Kit Digital<\/strong><\/h2>\n\n\n\n<p class=\"has-base-2-color has-text-color has-link-color wp-elements-3978be970cc95b1da6686af91cf86224\">El objetivo es subvencionar la implantaci\u00f3n de soluciones digitales disponibles en el mercado para conseguir un avance significativo en el nivel de madurez digital.<\/p>\n<\/div>\n<\/div>\n<\/div>\n<\/div>\n\n\n\n<div class=\"wp-block-group alignfull has-base-2-background-color has-background has-global-padding is-layout-constrained wp-block-group-is-layout-constrained\">\n<div class=\"wp-block-group alignfull has-base-background-color has-background has-global-padding is-layout-constrained wp-block-group-is-layout-constrained\">\n<h2 class=\"wp-block-heading\">Descargate la gu\u00eda r\u00e1pida para saber m\u00e1s.<\/h2>\n\n\n\n<div class=\"wp-block-buttons is-layout-flex wp-block-buttons-is-layout-flex\" style=\"margin-top:32px\">\n<div class=\"wp-block-button\"><a class=\"wp-block-button__link wp-element-button\" href=\"https:\/\/www.tbointernet.es\/wp-content\/uploads\/2024\/05\/Kit_Digital_Guia_pymes.pdf\" target=\"_blank\" rel=\"noreferrer noopener\">Descargar<\/a><\/div>\n<\/div>\n<\/div>\n\n\n\n<figure class=\"wp-block-image aligncenter size-large is-resized\"><img loading=\"lazy\" decoding=\"async\" width=\"1024\" height=\"870\" src=\"https:\/\/www.tbointernet.es\/wp-content\/uploads\/2024\/05\/logo-union-europea-1-1024x870.png\" alt=\"\" class=\"wp-image-663\" style=\"width:147px;height:auto\" srcset=\"https:\/\/www.tbointernet.es\/wp-content\/uploads\/2024\/05\/logo-union-europea-1-1024x870.png 1024w, https:\/\/www.tbointernet.es\/wp-content\/uploads\/2024\/05\/logo-union-europea-1-300x255.png 300w, https:\/\/www.tbointernet.es\/wp-content\/uploads\/2024\/05\/logo-union-europea-1-768x653.png 768w, https:\/\/www.tbointernet.es\/wp-content\/uploads\/2024\/05\/logo-union-europea-1.png 1446w\" sizes=\"auto, (max-width: 1024px) 100vw, 1024px\" \/><\/figure>\n\n\n\n<p class=\"has-text-align-center\">&#8220;Una manera de hacer Europa&#8221; &#8211; Fondo Europeo de Desarrollo Regional<\/p>\n\n\n\n<figure class=\"wp-block-image alignwide size-full\"><img loading=\"lazy\" decoding=\"async\" width=\"1920\" height=\"223\" src=\"https:\/\/www.tbointernet.es\/wp-content\/uploads\/2024\/05\/Logo-digitalizadoresv2.png\" alt=\"\" class=\"wp-image-592\" srcset=\"https:\/\/www.tbointernet.es\/wp-content\/uploads\/2024\/05\/Logo-digitalizadoresv2.png 1920w, https:\/\/www.tbointernet.es\/wp-content\/uploads\/2024\/05\/Logo-digitalizadoresv2-300x35.png 300w, https:\/\/www.tbointernet.es\/wp-content\/uploads\/2024\/05\/Logo-digitalizadoresv2-1024x119.png 1024w, https:\/\/www.tbointernet.es\/wp-content\/uploads\/2024\/05\/Logo-digitalizadoresv2-768x89.png 768w, https:\/\/www.tbointernet.es\/wp-content\/uploads\/2024\/05\/Logo-digitalizadoresv2-1536x178.png 1536w\" sizes=\"auto, (max-width: 1920px) 100vw, 1920px\" \/><\/figure>\n<\/div>\n","protected":false},"excerpt":{"rendered":"<p>Programa de digitalizaci\u00f3n de pymes y aut\u00f3nomos Ciberseguridad. El objetivo de esta soluci\u00f3n es proporcionar seguridad b\u00e1sica y avanzada para los dispositivos de tus empleados. Antimalware, antispyware, correo seguro, navegaci\u00f3n segura, an\u00e1lisis y detecci\u00f3n de amenazas y monitorizaci\u00f3n de la red. Comunicaciones seguras. Con esta soluci\u00f3n dispondr\u00e1s de seguridad en las conexiones entre los dispositivos [&hellip;]<\/p>\n","protected":false},"author":2,"featured_media":0,"parent":0,"menu_order":1,"comment_status":"closed","ping_status":"closed","template":"page-no-title","meta":{"footnotes":""},"class_list":["post-623","page","type-page","status-publish","hentry"],"_links":{"self":[{"href":"https:\/\/www.tbointernet.es\/index.php\/wp-json\/wp\/v2\/pages\/623","targetHints":{"allow":["GET"]}}],"collection":[{"href":"https:\/\/www.tbointernet.es\/index.php\/wp-json\/wp\/v2\/pages"}],"about":[{"href":"https:\/\/www.tbointernet.es\/index.php\/wp-json\/wp\/v2\/types\/page"}],"author":[{"embeddable":true,"href":"https:\/\/www.tbointernet.es\/index.php\/wp-json\/wp\/v2\/users\/2"}],"replies":[{"embeddable":true,"href":"https:\/\/www.tbointernet.es\/index.php\/wp-json\/wp\/v2\/comments?post=623"}],"version-history":[{"count":18,"href":"https:\/\/www.tbointernet.es\/index.php\/wp-json\/wp\/v2\/pages\/623\/revisions"}],"predecessor-version":[{"id":670,"href":"https:\/\/www.tbointernet.es\/index.php\/wp-json\/wp\/v2\/pages\/623\/revisions\/670"}],"wp:attachment":[{"href":"https:\/\/www.tbointernet.es\/index.php\/wp-json\/wp\/v2\/media?parent=623"}],"curies":[{"name":"wp","href":"https:\/\/api.w.org\/{rel}","templated":true}]}}