{"id":656,"date":"2024-05-22T00:49:32","date_gmt":"2024-05-21T22:49:32","guid":{"rendered":"https:\/\/www.tbointernet.es\/?page_id=656"},"modified":"2024-05-22T00:58:18","modified_gmt":"2024-05-21T22:58:18","slug":"kit-digital-comunicaciones-seguras","status":"publish","type":"page","link":"https:\/\/www.tbointernet.es\/index.php\/kit-digital-comunicaciones-seguras\/","title":{"rendered":"Kit digital: Comunicaciones seguras"},"content":{"rendered":"\n<div style=\"--tw-animation-delay:0.3s;\" class=\"wp-block-group alignfull has-base-2-background-color has-background is-vertical is-content-justification-left is-nowrap is-layout-flex wp-container-core-group-is-layout-b9305f23 wp-block-group-is-layout-flex tw-block-animation tw-animation-scale-in\">\n<figure style=\"--tw-animation-delay:0.5s;\" class=\"wp-block-image size-full is-resized is-style-tw-frame wp-duotone-unset-1 tw-block-animation tw-animation-wipe-left\"><img loading=\"lazy\" decoding=\"async\" width=\"4489\" height=\"1233\" src=\"https:\/\/www.tbointernet.es\/wp-content\/uploads\/2024\/05\/logo_kit_digital_com.png\" alt=\"\" class=\"wp-image-661\" style=\"width:1000px\" srcset=\"https:\/\/www.tbointernet.es\/wp-content\/uploads\/2024\/05\/logo_kit_digital_com.png 4489w, https:\/\/www.tbointernet.es\/wp-content\/uploads\/2024\/05\/logo_kit_digital_com-300x82.png 300w, https:\/\/www.tbointernet.es\/wp-content\/uploads\/2024\/05\/logo_kit_digital_com-1024x281.png 1024w, https:\/\/www.tbointernet.es\/wp-content\/uploads\/2024\/05\/logo_kit_digital_com-768x211.png 768w, https:\/\/www.tbointernet.es\/wp-content\/uploads\/2024\/05\/logo_kit_digital_com-1536x422.png 1536w, https:\/\/www.tbointernet.es\/wp-content\/uploads\/2024\/05\/logo_kit_digital_com-2048x563.png 2048w\" sizes=\"auto, (max-width: 4489px) 100vw, 4489px\" \/><\/figure>\n\n\n\n<div class=\"wp-block-group alignfull has-base-2-background-color has-background has-global-padding is-layout-constrained wp-block-group-is-layout-constrained\">\n<div class=\"wp-block-columns alignwide are-vertically-aligned-center tw-cols-stack-md is-layout-flex wp-container-core-columns-is-layout-49160e9b wp-block-columns-is-layout-flex tw-large-gap\" style=\"padding-left:var(--wp--preset--spacing--10)\">\n<div class=\"wp-block-column is-vertically-aligned-center has-global-padding is-layout-constrained wp-block-column-is-layout-constrained\">\n<h2 class=\"wp-block-heading alignwide\">Kit Digital: <strong>Comunicaciones seguras<\/strong><\/h2>\n\n\n\n<p>Con esta soluci\u00f3n dispondr\u00e1s de seguridad en las conexiones entre los dispositivos de tus empleados y la empresa.<\/p>\n<\/div>\n\n\n\n<div class=\"wp-block-column is-vertically-aligned-center has-global-padding is-layout-constrained wp-block-column-is-layout-constrained\">\n<div class=\"wp-block-group has-base-background-color has-background is-layout-flow wp-block-group-is-layout-flow\">\n<ul class=\"is-style-tw-checkmark tw-list-spacing-loose wp-block-list\">\n<li><strong>SSL<\/strong>: dispondr\u00e1s de un protocolo de capa de sockets seguros, para crear una conexi\u00f3n segura y cifrada.<\/li>\n\n\n\n<li><strong>Cifrado de extremo a extremo:<\/strong>\u00a0tendr\u00e1s las comunicaciones cifradas en todo su recorrido, con el objetivo de prevenir ataques.<\/li>\n\n\n\n<li><strong>Logs de conexi\u00f3n:<\/strong>\u00a0ser\u00e1s capaz de mantener un registro de los dispositivos que se han conectado a tu red privada.<\/li>\n\n\n\n<li><strong>Control de acceso:<\/strong>\u00a0tendr\u00e1s la posibilidad de permitir la conexi\u00f3n a tu red privada \u00fanica y exclusivamente a los dispositivos autorizados por ti.<\/li>\n\n\n\n<li><strong>Dispositivos m\u00f3viles:<\/strong>\u00a0podr\u00e1s hacer uso de esta soluci\u00f3n desde dispositivos m\u00f3viles.<\/li>\n\n\n\n<li><strong>Configuraci\u00f3n inicial y actualizaciones de seguridad:<\/strong>\u00a0dispondr\u00e1s de una configuraci\u00f3n inicial para que puedas usarlo correctamente, con las respectivas actualizaciones de firmas de\u00a0<em>malware\u00a0<\/em>y otros datos para detecci\u00f3n de amenazas adem\u00e1s de las actualizaciones de software de seguridad peri\u00f3dicas requeridas.<\/li>\n<\/ul>\n<\/div>\n<\/div>\n<\/div>\n<\/div>\n\n\n\n<div class=\"wp-block-group alignfull has-global-padding is-layout-constrained wp-block-group-is-layout-constrained\">\n<div class=\"wp-block-columns alignwide are-vertically-aligned-center has-accent-2-background-color has-background tw-cols-stack-md is-layout-flex wp-container-core-columns-is-layout-e5466812 wp-block-columns-is-layout-flex tw-large-gap\" style=\"border-style:none;border-width:0px;border-radius:0px;padding-right:0;padding-left:var(--wp--preset--spacing--10)\">\n<div class=\"wp-block-column is-vertically-aligned-center has-global-padding is-layout-constrained wp-block-column-is-layout-constrained\">\n<figure class=\"wp-block-embed is-type-video is-provider-youtube wp-block-embed-youtube tw-block-animation tw-animation-fade-in tw-duration-5\" style=\"--tw-animation-delay:1s;margin-right:var(--wp--preset--spacing--10);margin-left:0\"><div class=\"wp-block-embed__wrapper\">\n<iframe loading=\"lazy\" title=\"\u00bfC\u00f3mo se consigue el Kit Digital?\" width=\"500\" height=\"281\" src=\"https:\/\/www.youtube.com\/embed\/LbkzY4PzoZg?feature=oembed\" frameborder=\"0\" allow=\"accelerometer; autoplay; clipboard-write; encrypted-media; gyroscope; picture-in-picture; web-share\" referrerpolicy=\"strict-origin-when-cross-origin\" allowfullscreen><\/iframe>\n<\/div><\/figure>\n<\/div>\n\n\n\n<div class=\"wp-block-column is-vertically-aligned-center has-global-padding is-layout-constrained wp-block-column-is-layout-constrained\">\n<h2 class=\"wp-block-heading has-base-2-color has-text-color has-link-color wp-elements-e3dc51a2b9629356c75f635cef57fe85\"><strong>\u00bfC\u00f3mo conseguir el bono digital?<\/strong><\/h2>\n\n\n\n<p class=\"has-base-2-color has-text-color has-link-color wp-elements-73bf5a69988789c218d8e6446d46757f\">Si cumples con las condiciones establecidas en las bases de la convocatoria de la ayuda del Kit Digital, podr\u00e1s disponer de un bono digital que te permitir\u00e1 acceder a las soluciones de digitalizaci\u00f3n.<\/p>\n<\/div>\n<\/div>\n<\/div>\n<\/div>\n\n\n\n<div class=\"wp-block-group alignfull has-global-padding is-layout-constrained wp-block-group-is-layout-constrained\">\n<h2 class=\"wp-block-heading has-text-align-center\">Importe de la ayuda &#8211; Ayuda m\u00e1xima 29.000\u20ac<\/h2>\n\n\n\n<div class=\"wp-block-columns is-layout-flex wp-container-core-columns-is-layout-207311c6 wp-block-columns-is-layout-flex tw-large-gap\">\n<div class=\"wp-block-column is-layout-flow wp-block-column-is-layout-flow\">\n<h3 class=\"wp-block-heading has-large-font-size\">Porcentajes de ejecuci\u00f3n asociados a las fases<\/h3>\n\n\n\n<p><\/p>\n\n\n\n<ul class=\"wp-block-list\">\n<li>Primera: 70 %<\/li>\n\n\n\n<li>Segunda: 30 %<\/li>\n<\/ul>\n\n\n\n<p><\/p>\n\n\n\n<h3 class=\"wp-block-heading has-large-font-size\">Importe m\u00e1ximo de la ayuda<\/h3>\n\n\n\n<p><\/p>\n\n\n\n<ul class=\"wp-block-list\">\n<li>0 &lt; X &lt; 3 empleados: 125\u20ac\/usuario (hasta 2 dispositivos)<\/li>\n\n\n\n<li>3 \u2264 X &lt; 10 empleados: 125\u20ac\/usuario (hasta 9 dispositivos)<\/li>\n\n\n\n<li>10 \u2264 X &lt; 50 empleados: 125\u20ac\/usuario (hasta 48 dispositivos)<\/li>\n\n\n\n<li>50* \u2264&nbsp; X &lt; 100 empleados: 125\u20ac\/usuario (hasta 99 dispositivos)<\/li>\n\n\n\n<li>100 \u2264&nbsp; X &lt; 250 empleados: 125\u20ac\/usuario (hasta 232 dispositivos)<\/li>\n<\/ul>\n<\/div>\n<\/div>\n\n\n\n<p><em>* En el segmento IV se incluyen las empresas menos de 50 empleados que tengan consideraci\u00f3n de mediana empresa al superar el volumen de negocios anual y balance general anual de 10 millones de euros<\/em><\/p>\n\n\n\n<p><\/p>\n<\/div>\n\n\n\n<div class=\"wp-block-group alignfull has-base-2-background-color has-background has-global-padding is-layout-constrained wp-block-group-is-layout-constrained\">\n<div class=\"wp-block-group alignfull has-base-background-color has-background has-global-padding is-layout-constrained wp-block-group-is-layout-constrained\">\n<h2 class=\"wp-block-heading\">Descargate la gu\u00eda r\u00e1pida para saber m\u00e1s.<\/h2>\n\n\n\n<div class=\"wp-block-buttons is-layout-flex wp-block-buttons-is-layout-flex\" style=\"margin-top:32px\">\n<div class=\"wp-block-button\"><a class=\"wp-block-button__link wp-element-button\" href=\"https:\/\/www.tbointernet.es\/wp-content\/uploads\/2024\/05\/Kit_Digital_Guia_pymes.pdf\" target=\"_blank\" rel=\"noreferrer noopener\">Descargar<\/a><\/div>\n<\/div>\n<\/div>\n\n\n\n<figure class=\"wp-block-image alignwide size-full\"><img loading=\"lazy\" decoding=\"async\" width=\"1920\" height=\"223\" src=\"https:\/\/www.tbointernet.es\/wp-content\/uploads\/2024\/05\/Logo-digitalizadoresv2.png\" alt=\"\" class=\"wp-image-592\" srcset=\"https:\/\/www.tbointernet.es\/wp-content\/uploads\/2024\/05\/Logo-digitalizadoresv2.png 1920w, https:\/\/www.tbointernet.es\/wp-content\/uploads\/2024\/05\/Logo-digitalizadoresv2-300x35.png 300w, https:\/\/www.tbointernet.es\/wp-content\/uploads\/2024\/05\/Logo-digitalizadoresv2-1024x119.png 1024w, https:\/\/www.tbointernet.es\/wp-content\/uploads\/2024\/05\/Logo-digitalizadoresv2-768x89.png 768w, https:\/\/www.tbointernet.es\/wp-content\/uploads\/2024\/05\/Logo-digitalizadoresv2-1536x178.png 1536w\" sizes=\"auto, (max-width: 1920px) 100vw, 1920px\" \/><\/figure>\n<\/div>\n","protected":false},"excerpt":{"rendered":"<p>Kit Digital: Comunicaciones seguras Con esta soluci\u00f3n dispondr\u00e1s de seguridad en las conexiones entre los dispositivos de tus empleados y la empresa. \u00bfC\u00f3mo conseguir el bono digital? Si cumples con las condiciones establecidas en las bases de la convocatoria de la ayuda del Kit Digital, podr\u00e1s disponer de un bono digital que te permitir\u00e1 acceder [&hellip;]<\/p>\n","protected":false},"author":2,"featured_media":0,"parent":0,"menu_order":1,"comment_status":"closed","ping_status":"closed","template":"page-no-title","meta":{"footnotes":""},"class_list":["post-656","page","type-page","status-publish","hentry"],"_links":{"self":[{"href":"https:\/\/www.tbointernet.es\/index.php\/wp-json\/wp\/v2\/pages\/656","targetHints":{"allow":["GET"]}}],"collection":[{"href":"https:\/\/www.tbointernet.es\/index.php\/wp-json\/wp\/v2\/pages"}],"about":[{"href":"https:\/\/www.tbointernet.es\/index.php\/wp-json\/wp\/v2\/types\/page"}],"author":[{"embeddable":true,"href":"https:\/\/www.tbointernet.es\/index.php\/wp-json\/wp\/v2\/users\/2"}],"replies":[{"embeddable":true,"href":"https:\/\/www.tbointernet.es\/index.php\/wp-json\/wp\/v2\/comments?post=656"}],"version-history":[{"count":4,"href":"https:\/\/www.tbointernet.es\/index.php\/wp-json\/wp\/v2\/pages\/656\/revisions"}],"predecessor-version":[{"id":662,"href":"https:\/\/www.tbointernet.es\/index.php\/wp-json\/wp\/v2\/pages\/656\/revisions\/662"}],"wp:attachment":[{"href":"https:\/\/www.tbointernet.es\/index.php\/wp-json\/wp\/v2\/media?parent=656"}],"curies":[{"name":"wp","href":"https:\/\/api.w.org\/{rel}","templated":true}]}}